{"id":552,"date":"2025-03-02T08:56:45","date_gmt":"2025-03-02T07:56:45","guid":{"rendered":"https:\/\/lespetitsboutsdargile.fr\/?page_id=552"},"modified":"2025-03-02T17:37:38","modified_gmt":"2025-03-02T16:37:38","slug":"accueil","status":"publish","type":"page","link":"https:\/\/lespetitsboutsdargile.fr\/","title":{"rendered":"Accueil"},"content":{"rendered":"\t\t<div data-elementor-type=\"wp-page\" data-elementor-id=\"552\" class=\"elementor elementor-552\">\n\t\t\t\t<div class=\"elementor-element elementor-element-0027f33 e-flex e-con-boxed e-con e-parent\" data-id=\"0027f33\" data-element_type=\"container\" data-e-type=\"container\">\n\t\t\t\t\t<div class=\"e-con-inner\">\n\t\t\t\t<div class=\"elementor-element elementor-element-5b58ad2 elementor-widget elementor-widget-text-editor\" data-id=\"5b58ad2\" data-element_type=\"widget\" data-e-type=\"widget\" data-widget_type=\"text-editor.default\">\n\t\t\t\t<div class=\"elementor-widget-container\">\n\t\t\t\t\t\t\t\t\t<p align=\"center\">Des petits bouts d\u2019argile qui prennent forme pour vous inviter dans un monde de couleur.<\/p><p align=\"center\">Objets fa\u00e7onn\u00e9s un \u00e0 un, toujours uniques.<\/p><p align=\"center\">Mon amour de la lecture et de l\u2019objet livre transparait au travers de ma production.<\/p><p align=\"center\">Ma passion pour le dessin se retrouve au travers de d\u00e9cors effectu\u00e9s sur \u00e9mail cru.<\/p><p align=\"center\">Des bijoux color\u00e9s pour \u00e9gayer une tenue.<\/p><p style=\"text-align: center;\" align=\"center\">Bienvenue dans mon univers\u00a0!<\/p><p>\u00a0<\/p>\t\t\t\t\t\t\t\t<\/div>\n\t\t\t\t<\/div>\n\t\t\t\t\t<\/div>\n\t\t\t\t<\/div>\n\t\t<div class=\"elementor-element elementor-element-9b0f839 e-flex e-con-boxed e-con e-parent\" data-id=\"9b0f839\" data-element_type=\"container\" data-e-type=\"container\">\n\t\t\t\t\t<div class=\"e-con-inner\">\n\t\t\t\t<div class=\"elementor-element elementor-element-5a46967 elementor-widget elementor-widget-shortcode\" data-id=\"5a46967\" data-element_type=\"widget\" data-e-type=\"widget\" data-widget_type=\"shortcode.default\">\n\t\t\t\t<div class=\"elementor-widget-container\">\n\t\t\t\t\t\t\t<div class=\"elementor-shortcode\"><div id=\"metaslider-id-349\" style=\"max-width: 500px;\" class=\"ml-slider-3-104-0 metaslider metaslider-flex metaslider-349 ml-slider has-dots-nav ms-theme-default-base\" role=\"region\" aria-label=\"Diaporama\" data-height=\"350\" data-width=\"500\">\n    <div id=\"metaslider_container_349\">\n        <div id=\"metaslider_349\">\n            <ul class='slides'>\n                <li style=\"display: block; width: 100%;\" class=\"slide-350 ms-image \" aria-roledescription=\"slide\" data-date=\"2024-12-26 13:35:19\" data-filename=\"SAM_6670-scaled-2000x1400.jpg\" data-slide-type=\"image\"><img fetchpriority=\"high\" decoding=\"async\" src=\"https:\/\/lespetitsboutsdargile.fr\/wp-content\/uploads\/2024\/12\/SAM_6670-scaled-2000x1400.jpg\" height=\"350\" width=\"500\" alt=\"\" class=\"slider-349 slide-350 msDefaultImage\" title=\"SAM_6670\" \/><div class=\"caption-wrap\"><div class=\"caption\">D\u00e9tail de tour de cou<\/div><\/div><\/li>\n                <li style=\"display: none; width: 100%;\" class=\"slide-351 ms-image \" aria-roledescription=\"slide\" data-date=\"2024-12-26 13:35:43\" data-filename=\"IMG_20241207_102830-scaled-2000x1400.jpg\" data-slide-type=\"image\"><img decoding=\"async\" src=\"https:\/\/lespetitsboutsdargile.fr\/wp-content\/uploads\/2024\/12\/IMG_20241207_102830-scaled-2000x1400.jpg\" height=\"350\" width=\"500\" alt=\"\" class=\"slider-349 slide-351 msDefaultImage\" title=\"IMG_20241207_102830\" \/><div class=\"caption-wrap\"><div class=\"caption\">D\u00e9tail de stand sur les march\u00e9s de potiers\n<\/div><\/div><\/li>\n                <li style=\"display: none; width: 100%;\" class=\"slide-354 ms-image \" aria-roledescription=\"slide\" data-date=\"2024-12-26 13:43:06\" data-filename=\"IMG_20241114_193040-scaled-e1740906594484-1791x1254.jpg\" data-slide-type=\"image\"><img decoding=\"async\" src=\"https:\/\/lespetitsboutsdargile.fr\/wp-content\/uploads\/2024\/12\/IMG_20241114_193040-scaled-e1740906594484-1791x1254.jpg\" height=\"350\" width=\"500\" alt=\"\" class=\"slider-349 slide-354 msDefaultImage\" title=\"IMG_20241114_193040\" \/><div class=\"caption-wrap\"><div class=\"caption\">Portes savon d\u00e9cor\u00e9s<\/div><\/div><\/li>\n                <li style=\"display: none; width: 100%;\" class=\"slide-355 ms-image \" aria-roledescription=\"slide\" data-date=\"2024-12-26 13:45:07\" data-filename=\"SAM_6692-e1740906677424-1502x1051.jpg\" data-slide-type=\"image\"><img loading=\"lazy\" decoding=\"async\" src=\"https:\/\/lespetitsboutsdargile.fr\/wp-content\/uploads\/2024\/07\/SAM_6692-e1740906677424-1502x1051.jpg\" height=\"350\" width=\"500\" alt=\"\" class=\"slider-349 slide-355 msDefaultImage\" title=\"SAM_6692\" \/><div class=\"caption-wrap\"><div class=\"caption\">Boucles d'oreilles<\/div><\/div><\/li>\n                <li style=\"display: none; width: 100%;\" class=\"slide-356 ms-image \" aria-roledescription=\"slide\" data-date=\"2024-12-26 13:45:33\" data-filename=\"IMG_20241114_194916-scaled-2000x1400.jpg\" data-slide-type=\"image\"><img loading=\"lazy\" decoding=\"async\" src=\"https:\/\/lespetitsboutsdargile.fr\/wp-content\/uploads\/2024\/12\/IMG_20241114_194916-scaled-2000x1400.jpg\" height=\"350\" width=\"500\" alt=\"\" class=\"slider-349 slide-356 msDefaultImage\" title=\"IMG_20241114_194916\" \/><div class=\"caption-wrap\"><div class=\"caption\">Lecteur allong\u00e9<\/div><\/div><\/li>\n                <li style=\"display: none; width: 100%;\" class=\"slide-359 ms-image \" aria-roledescription=\"slide\" data-date=\"2024-12-26 13:47:41\" data-filename=\"Boutons_marbres_neutres-600x420.jpg\" data-slide-type=\"image\"><img loading=\"lazy\" decoding=\"async\" src=\"https:\/\/lespetitsboutsdargile.fr\/wp-content\/uploads\/2024\/07\/Boutons_marbres_neutres-600x420.jpg\" height=\"350\" width=\"500\" alt=\"\" class=\"slider-349 slide-359 msDefaultImage\" title=\"Boutons_marbres_neutres\" \/><div class=\"caption-wrap\"><div class=\"caption\">Boutons<\/div><\/div><\/li>\n                <li style=\"display: none; width: 100%;\" class=\"slide-357 ms-image \" aria-roledescription=\"slide\" data-date=\"2024-12-26 13:46:13\" data-filename=\"IMG_20240105_153844.jpg\" data-slide-type=\"image\"><img loading=\"lazy\" decoding=\"async\" src=\"https:\/\/lespetitsboutsdargile.fr\/wp-content\/uploads\/2024\/07\/IMG_20240105_153844.jpg\" height=\"350\" width=\"500\" alt=\"\" class=\"slider-349 slide-357 msDefaultImage\" title=\"IMG_20240105_153844\" \/><div class=\"caption-wrap\"><div class=\"caption\">Lecteur allong\u00e9 sur un livre<\/div><\/div><\/li>\n                <li style=\"display: none; width: 100%;\" class=\"slide-361 ms-image \" aria-roledescription=\"slide\" data-date=\"2024-12-26 13:49:12\" data-filename=\"IMG_20241114_194945-1-scaled-2000x1400.jpg\" data-slide-type=\"image\"><img loading=\"lazy\" decoding=\"async\" src=\"https:\/\/lespetitsboutsdargile.fr\/wp-content\/uploads\/2024\/12\/IMG_20241114_194945-1-scaled-2000x1400.jpg\" height=\"350\" width=\"500\" alt=\"\" class=\"slider-349 slide-361 msDefaultImage\" title=\"IMG_20241114_194945\" \/><div class=\"caption-wrap\"><div class=\"caption\">Petit ravier \u00e9maux color\u00e9s<\/div><\/div><\/li>\n                <li style=\"display: none; width: 100%;\" class=\"slide-362 ms-image \" aria-roledescription=\"slide\" data-date=\"2024-12-26 13:50:07\" data-filename=\"SAM_6684-e1740906714674-1502x1051.jpg\" data-slide-type=\"image\"><img loading=\"lazy\" decoding=\"async\" src=\"https:\/\/lespetitsboutsdargile.fr\/wp-content\/uploads\/2024\/07\/SAM_6684-e1740906714674-1502x1051.jpg\" height=\"350\" width=\"500\" alt=\"\" class=\"slider-349 slide-362 msDefaultImage\" title=\"SAM_6684\" \/><div class=\"caption-wrap\"><div class=\"caption\">Boucles d'oreilles<\/div><\/div><\/li>\n                <li style=\"display: none; width: 100%;\" class=\"slide-363 ms-image \" aria-roledescription=\"slide\" data-date=\"2024-12-26 13:50:44\" data-filename=\"IMG_20241207_102753-scaled-2000x1400.jpg\" data-slide-type=\"image\"><img loading=\"lazy\" decoding=\"async\" src=\"https:\/\/lespetitsboutsdargile.fr\/wp-content\/uploads\/2024\/12\/IMG_20241207_102753-scaled-2000x1400.jpg\" height=\"350\" width=\"500\" alt=\"\" class=\"slider-349 slide-363 msDefaultImage\" title=\"IMG_20241207_102753\" \/><div class=\"caption-wrap\"><div class=\"caption\">Stand sur les march\u00e9s de cr\u00e9ateurs<\/div><\/div><\/li>\n                <li style=\"display: none; width: 100%;\" class=\"slide-367 ms-image \" aria-roledescription=\"slide\" data-date=\"2024-12-26 14:01:13\" data-filename=\"TC2_A1-scaled-e1740905954283-1778x1245.jpg\" data-slide-type=\"image\"><img loading=\"lazy\" decoding=\"async\" src=\"https:\/\/lespetitsboutsdargile.fr\/wp-content\/uploads\/2024\/12\/TC2_A1-scaled-e1740905954283-1778x1245.jpg\" height=\"350\" width=\"500\" alt=\"\" class=\"slider-349 slide-367 msDefaultImage\" \/><div class=\"caption-wrap\"><div class=\"caption\">Tour de cou, deux perles<\/div><\/div><\/li>\n                <li style=\"display: none; width: 100%;\" class=\"slide-364 ms-image \" aria-roledescription=\"slide\" data-date=\"2024-12-26 13:50:58\" data-filename=\"IMG_20241114_195512-scaled-e1735217676649-2000x1400.jpg\" data-slide-type=\"image\"><img loading=\"lazy\" decoding=\"async\" src=\"https:\/\/lespetitsboutsdargile.fr\/wp-content\/uploads\/2024\/12\/IMG_20241114_195512-scaled-e1735217676649-2000x1400.jpg\" height=\"350\" width=\"500\" alt=\"\" class=\"slider-349 slide-364 msDefaultImage\" title=\"ptr\" \/><div class=\"caption-wrap\"><div class=\"caption\">Raviers divers<\/div><\/div><\/li>\n                <li style=\"display: none; width: 100%;\" class=\"slide-365 ms-image \" aria-roledescription=\"slide\" data-date=\"2024-12-26 14:00:18\" data-filename=\"TC1-6_A5-scaled-e1735230388626-1614x1130.jpg\" data-slide-type=\"image\"><img loading=\"lazy\" decoding=\"async\" src=\"https:\/\/lespetitsboutsdargile.fr\/wp-content\/uploads\/2024\/12\/TC1-6_A5-scaled-e1735230388626-1614x1130.jpg\" height=\"350\" width=\"500\" alt=\"\" class=\"slider-349 slide-365 msDefaultImage\" \/><div class=\"caption-wrap\"><div class=\"caption\">Tour de cou en acier et perles c\u00e9ramique \u00e9maill\u00e9es<\/div><\/div><\/li>\n                <li style=\"display: none; width: 100%;\" class=\"slide-368 ms-image \" aria-roledescription=\"slide\" data-date=\"2024-12-26 14:01:26\" data-filename=\"IMG_20241114_200909-scaled-e1735230532569-2000x1400.jpg\" data-slide-type=\"image\"><img loading=\"lazy\" decoding=\"async\" src=\"https:\/\/lespetitsboutsdargile.fr\/wp-content\/uploads\/2024\/12\/IMG_20241114_200909-scaled-e1735230532569-2000x1400.jpg\" height=\"350\" width=\"500\" alt=\"\" class=\"slider-349 slide-368 msDefaultImage\" title=\"IMG_20241114_200909\" \/><div class=\"caption-wrap\"><div class=\"caption\">Petit lecteur sur branche<\/div><\/div><\/li>\n                <li style=\"display: none; width: 100%;\" class=\"slide-369 ms-image \" aria-roledescription=\"slide\" data-date=\"2024-12-26 14:05:43\" data-filename=\"TC1-4_A2-scaled-e1740930899914-1565x1096.jpg\" data-slide-type=\"image\"><img loading=\"lazy\" decoding=\"async\" src=\"https:\/\/lespetitsboutsdargile.fr\/wp-content\/uploads\/2024\/12\/TC1-4_A2-scaled-e1740930899914-1565x1096.jpg\" height=\"350\" width=\"500\" alt=\"\" class=\"slider-349 slide-369 msDefaultImage\" title=\"TC1-4_A2\" \/><div class=\"caption-wrap\"><div class=\"caption\">Tour de cou pendentif \u00e9toile<\/div><\/div><\/li>\n                <li style=\"display: none; width: 100%;\" class=\"slide-628 ms-image \" aria-roledescription=\"slide\" data-date=\"2025-03-02 17:39:26\" data-filename=\"IMG_20241002_154620-scaled-2000x1400.jpg\" data-slide-type=\"image\"><img loading=\"lazy\" decoding=\"async\" src=\"https:\/\/lespetitsboutsdargile.fr\/wp-content\/uploads\/IMG_20241002_154620-scaled-2000x1400.jpg\" height=\"350\" width=\"500\" alt=\"Lecteur sur ravier ou livres\" class=\"slider-349 slide-628 msDefaultImage\" title=\"IMG_20241002_154620\" \/><\/li>\n                <li style=\"display: none; width: 100%;\" class=\"slide-630 ms-image \" aria-roledescription=\"slide\" data-date=\"2025-03-02 17:41:25\" data-filename=\"IMG_20250131_112945-scaled-2000x1400.jpg\" data-slide-type=\"image\"><img loading=\"lazy\" decoding=\"async\" src=\"https:\/\/lespetitsboutsdargile.fr\/wp-content\/uploads\/IMG_20250131_112945-scaled-2000x1400.jpg\" height=\"350\" width=\"500\" alt=\"Lecteur et vide poche\" class=\"slider-349 slide-630 msDefaultImage\" title=\"IMG_20250131_112945\" \/><\/li>\n            <\/ul>\n        <\/div>\n        \n    <\/div>\n<\/div><\/div>\n\t\t\t\t\t\t<\/div>\n\t\t\t\t<\/div>\n\t\t\t\t\t<\/div>\n\t\t\t\t<\/div>\n\t\t\t\t<\/div>\n\t\t","protected":false},"excerpt":{"rendered":"<p>Des petits bouts d\u2019argile qui prennent forme pour vous inviter dans un monde de couleur. Objets fa\u00e7onn\u00e9s un \u00e0 un, toujours uniques. Mon amour de la lecture et de l\u2019objet livre transparait au travers de ma production. Ma passion pour le dessin se retrouve au travers de d\u00e9cors effectu\u00e9s sur \u00e9mail cru. Des bijoux color\u00e9s [&hellip;]<\/p>\n","protected":false},"author":1,"featured_media":0,"parent":0,"menu_order":0,"comment_status":"closed","ping_status":"closed","template":"","meta":{"site-sidebar-layout":"no-sidebar","site-content-layout":"","ast-site-content-layout":"full-width-container","site-content-style":"default","site-sidebar-style":"default","ast-global-header-display":"","ast-banner-title-visibility":"","ast-main-header-display":"","ast-hfb-above-header-display":"","ast-hfb-below-header-display":"","ast-hfb-mobile-header-display":"","site-post-title":"disabled","ast-breadcrumbs-content":"","ast-featured-img":"disabled","footer-sml-layout":"","ast-disable-related-posts":"","theme-transparent-header-meta":"","adv-header-id-meta":"","stick-header-meta":"","header-above-stick-meta":"","header-main-stick-meta":"","header-below-stick-meta":"","astra-migrate-meta-layouts":"default","ast-page-background-enabled":"default","ast-page-background-meta":{"desktop":{"background-color":"var(--ast-global-color-4)","background-image":"","background-repeat":"repeat","background-position":"center center","background-size":"auto","background-attachment":"scroll","background-type":"","background-media":"","overlay-type":"","overlay-color":"","overlay-opacity":"","overlay-gradient":""},"tablet":{"background-color":"","background-image":"","background-repeat":"repeat","background-position":"center center","background-size":"auto","background-attachment":"scroll","background-type":"","background-media":"","overlay-type":"","overlay-color":"","overlay-opacity":"","overlay-gradient":""},"mobile":{"background-color":"","background-image":"","background-repeat":"repeat","background-position":"center center","background-size":"auto","background-attachment":"scroll","background-type":"","background-media":"","overlay-type":"","overlay-color":"","overlay-opacity":"","overlay-gradient":""}},"ast-content-background-meta":{"desktop":{"background-color":"var(--ast-global-color-5)","background-image":"","background-repeat":"repeat","background-position":"center center","background-size":"auto","background-attachment":"scroll","background-type":"","background-media":"","overlay-type":"","overlay-color":"","overlay-opacity":"","overlay-gradient":""},"tablet":{"background-color":"var(--ast-global-color-5)","background-image":"","background-repeat":"repeat","background-position":"center center","background-size":"auto","background-attachment":"scroll","background-type":"","background-media":"","overlay-type":"","overlay-color":"","overlay-opacity":"","overlay-gradient":""},"mobile":{"background-color":"var(--ast-global-color-5)","background-image":"","background-repeat":"repeat","background-position":"center center","background-size":"auto","background-attachment":"scroll","background-type":"","background-media":"","overlay-type":"","overlay-color":"","overlay-opacity":"","overlay-gradient":""}},"footnotes":""},"class_list":["post-552","page","type-page","status-publish","hentry"],"_links":{"self":[{"href":"https:\/\/lespetitsboutsdargile.fr\/index.php?rest_route=\/wp\/v2\/pages\/552","targetHints":{"allow":["GET"]}}],"collection":[{"href":"https:\/\/lespetitsboutsdargile.fr\/index.php?rest_route=\/wp\/v2\/pages"}],"about":[{"href":"https:\/\/lespetitsboutsdargile.fr\/index.php?rest_route=\/wp\/v2\/types\/page"}],"author":[{"embeddable":true,"href":"https:\/\/lespetitsboutsdargile.fr\/index.php?rest_route=\/wp\/v2\/users\/1"}],"replies":[{"embeddable":true,"href":"https:\/\/lespetitsboutsdargile.fr\/index.php?rest_route=%2Fwp%2Fv2%2Fcomments&post=552"}],"version-history":[{"count":27,"href":"https:\/\/lespetitsboutsdargile.fr\/index.php?rest_route=\/wp\/v2\/pages\/552\/revisions"}],"predecessor-version":[{"id":627,"href":"https:\/\/lespetitsboutsdargile.fr\/index.php?rest_route=\/wp\/v2\/pages\/552\/revisions\/627"}],"wp:attachment":[{"href":"https:\/\/lespetitsboutsdargile.fr\/index.php?rest_route=%2Fwp%2Fv2%2Fmedia&parent=552"}],"curies":[{"name":"wp","href":"https:\/\/api.w.org\/{rel}","templated":true}]}}