{"id":416,"date":"2024-12-29T12:47:50","date_gmt":"2024-12-29T11:47:50","guid":{"rendered":"https:\/\/lespetitsboutsdargile.fr\/?page_id=416"},"modified":"2025-03-01T16:55:45","modified_gmt":"2025-03-01T15:55:45","slug":"je-me-presente","status":"publish","type":"page","link":"https:\/\/lespetitsboutsdargile.fr\/?page_id=416","title":{"rendered":"Je me pr\u00e9sente&#8230;"},"content":{"rendered":"\t\t<div data-elementor-type=\"wp-page\" data-elementor-id=\"416\" class=\"elementor elementor-416\">\n\t\t\t\t<div class=\"elementor-element elementor-element-1afa85f1 e-flex e-con-boxed e-con e-parent\" data-id=\"1afa85f1\" data-element_type=\"container\" data-e-type=\"container\">\n\t\t\t\t\t<div class=\"e-con-inner\">\n\t\t\t\t<div class=\"elementor-element elementor-element-640dfde6 elementor-widget elementor-widget-text-editor\" data-id=\"640dfde6\" data-element_type=\"widget\" data-e-type=\"widget\" data-widget_type=\"text-editor.default\">\n\t\t\t\t<div class=\"elementor-widget-container\">\n\t\t\t\t\t\t\t\t\t\n<p>\u00a0<\/p>\n<p>\u00a0<\/p>\n<p>\u00a0<\/p>\n<p>\u00a0<\/p>\n<p>\u00a0<\/p>\n<p>\u00a0<\/p>\n<p>0riginaire de Loz\u00e8re, j\u2019ai toujours aim\u00e9 modeler l\u2019argile que l\u2019on trouvait au creux des chemins ou en bord de champs mais ma v\u00e9ritable passion \u00e9tait alors le dessin. L\u2019installation dans le village de Loul Combres, c\u00e9ramiste dont le travail est aujourd\u2019hui reconnu par tous, m\u2019a permis de r\u00e9aliser l\u2019\u00e9tendue infinie des possibilit\u00e9s que nous offre l\u2019argile. Apr\u00e8s des \u00e9tudes de lettres les vents m\u2019ont d\u00e9pos\u00e9e \u00e0 Moustiers-sainte-Marie ou j\u2019ai travaill\u00e9 en tant que d\u00e9coratrice sur fa\u00efence pendant 7 ans.<\/p>\n\n<p>La d\u00e9coration n\u2019\u00e9tant qu\u2019une des \u00e9tapes de fabrication, j\u2019ai d\u00e9cid\u00e9 peu \u00e0 peu de cr\u00e9er mon propre atelier. Il y eut des hauts et des bas et surtout une autre activit\u00e9 passionnante qui peu \u00e0 peu a pris le dessus, celle de guide de pays, animatrice du patrimoine. Aujourd\u2019hui, nouvelle retrait\u00e9e mais toujours active, je m\u00e8ne de front les deux activit\u00e9s dont la compl\u00e9mentarit\u00e9 me convient tout \u00e0 fait. Retrouver le calme de l\u2019atelier, se recentrer sur soi, cr\u00e9er apr\u00e8s des semaines intenses de guidage&#8230;., ces deux activit\u00e9s contribuent autant l\u2019une que l\u2019autre \u00e0 mon \u00e9quilibre.<\/p>\n\t\t\t\t\t\t\t\t<\/div>\n\t\t\t\t<\/div>\n\t\t\t\t\t<\/div>\n\t\t\t\t<\/div>\n\t\t\t\t<\/div>\n\t\t","protected":false},"excerpt":{"rendered":"<p>\u00a0 \u00a0 \u00a0 \u00a0 \u00a0 \u00a0 0riginaire de Loz\u00e8re, j\u2019ai toujours aim\u00e9 modeler l\u2019argile que l\u2019on trouvait au creux des chemins ou en bord de champs mais ma v\u00e9ritable passion \u00e9tait alors le dessin. L\u2019installation dans le village de Loul Combres, c\u00e9ramiste dont le travail est aujourd\u2019hui reconnu par tous, m\u2019a permis de r\u00e9aliser l\u2019\u00e9tendue [&hellip;]<\/p>\n","protected":false},"author":1,"featured_media":0,"parent":0,"menu_order":0,"comment_status":"closed","ping_status":"closed","template":"","meta":{"site-sidebar-layout":"default","site-content-layout":"","ast-site-content-layout":"default","site-content-style":"default","site-sidebar-style":"default","ast-global-header-display":"","ast-banner-title-visibility":"","ast-main-header-display":"","ast-hfb-above-header-display":"","ast-hfb-below-header-display":"","ast-hfb-mobile-header-display":"","site-post-title":"","ast-breadcrumbs-content":"","ast-featured-img":"","footer-sml-layout":"","ast-disable-related-posts":"","theme-transparent-header-meta":"","adv-header-id-meta":"","stick-header-meta":"","header-above-stick-meta":"","header-main-stick-meta":"","header-below-stick-meta":"","astra-migrate-meta-layouts":"default","ast-page-background-enabled":"default","ast-page-background-meta":{"desktop":{"background-color":"var(--ast-global-color-4)","background-image":"","background-repeat":"repeat","background-position":"center center","background-size":"auto","background-attachment":"scroll","background-type":"","background-media":"","overlay-type":"","overlay-color":"","overlay-opacity":"","overlay-gradient":""},"tablet":{"background-color":"","background-image":"","background-repeat":"repeat","background-position":"center center","background-size":"auto","background-attachment":"scroll","background-type":"","background-media":"","overlay-type":"","overlay-color":"","overlay-opacity":"","overlay-gradient":""},"mobile":{"background-color":"","background-image":"","background-repeat":"repeat","background-position":"center center","background-size":"auto","background-attachment":"scroll","background-type":"","background-media":"","overlay-type":"","overlay-color":"","overlay-opacity":"","overlay-gradient":""}},"ast-content-background-meta":{"desktop":{"background-color":"var(--ast-global-color-5)","background-image":"","background-repeat":"repeat","background-position":"center center","background-size":"auto","background-attachment":"scroll","background-type":"","background-media":"","overlay-type":"","overlay-color":"","overlay-opacity":"","overlay-gradient":""},"tablet":{"background-color":"var(--ast-global-color-5)","background-image":"","background-repeat":"repeat","background-position":"center center","background-size":"auto","background-attachment":"scroll","background-type":"","background-media":"","overlay-type":"","overlay-color":"","overlay-opacity":"","overlay-gradient":""},"mobile":{"background-color":"var(--ast-global-color-5)","background-image":"","background-repeat":"repeat","background-position":"center center","background-size":"auto","background-attachment":"scroll","background-type":"","background-media":"","overlay-type":"","overlay-color":"","overlay-opacity":"","overlay-gradient":""}},"footnotes":""},"class_list":["post-416","page","type-page","status-publish","hentry"],"_links":{"self":[{"href":"https:\/\/lespetitsboutsdargile.fr\/index.php?rest_route=\/wp\/v2\/pages\/416","targetHints":{"allow":["GET"]}}],"collection":[{"href":"https:\/\/lespetitsboutsdargile.fr\/index.php?rest_route=\/wp\/v2\/pages"}],"about":[{"href":"https:\/\/lespetitsboutsdargile.fr\/index.php?rest_route=\/wp\/v2\/types\/page"}],"author":[{"embeddable":true,"href":"https:\/\/lespetitsboutsdargile.fr\/index.php?rest_route=\/wp\/v2\/users\/1"}],"replies":[{"embeddable":true,"href":"https:\/\/lespetitsboutsdargile.fr\/index.php?rest_route=%2Fwp%2Fv2%2Fcomments&post=416"}],"version-history":[{"count":10,"href":"https:\/\/lespetitsboutsdargile.fr\/index.php?rest_route=\/wp\/v2\/pages\/416\/revisions"}],"predecessor-version":[{"id":474,"href":"https:\/\/lespetitsboutsdargile.fr\/index.php?rest_route=\/wp\/v2\/pages\/416\/revisions\/474"}],"wp:attachment":[{"href":"https:\/\/lespetitsboutsdargile.fr\/index.php?rest_route=%2Fwp%2Fv2%2Fmedia&parent=416"}],"curies":[{"name":"wp","href":"https:\/\/api.w.org\/{rel}","templated":true}]}}